{"id":1018,"date":"2018-08-02T18:50:53","date_gmt":"2018-08-02T22:50:53","guid":{"rendered":"https:\/\/www.audetimmigration.com\/?page_id=1018"},"modified":"2018-09-03T13:28:42","modified_gmt":"2018-09-03T17:28:42","slug":"a-propos","status":"publish","type":"page","link":"https:\/\/www.audetimmigration.com\/fr\/a-propos\/","title":{"rendered":"\u00c0 Propos"},"content":{"rendered":"<p>[vc_row full_width= &raquo;stretch_row_content_no_spaces &raquo;][vc_column][lawyer_banner style= &raquo;style4&Prime; title= &raquo;\u00c0 Propos &raquo; image= &raquo;1204&Prime;][\/vc_column][\/vc_row][vc_row][vc_column][vc_empty_space][lawyer_text]Notre firme se sp\u00e9cialise dans les programmes des gens d\u2019affaires (investisseurs et entrepreneurs), les programmes de travailleurs qualifi\u00e9s et de travailleurs \/ \u00e9tudiants \u00e9trangers temporaires, notamment pour les demandes de permis de travail, d&rsquo;\u00e9tudes, le Programme d\u2019Exp\u00e9rience Qu\u00e9b\u00e9coise (PEQ), et l&rsquo;immigration familiale.<\/p>\n<p>Fond\u00e9e en 2011, nous collaborons avec un r\u00e9seau international d&rsquo;experts en mati\u00e8re d&rsquo;immigration, faisant d&rsquo;Audet Immigration un chef de file dans le domaine.<\/p>\n<p>Forts d&rsquo;un immense succ\u00e8s avec nos clients situ\u00e9s en Asie, en Europe, en Afrique et en Am\u00e9riques, nous sommes en mesure d&rsquo;assister les candidats du monde entier.<\/p>\n<p>Nous offrons des services sp\u00e9cialis\u00e9s et complets pour les programmes de gens d&rsquo;affaires et de mobilit\u00e9 internationale, en partant du montage jusqu&rsquo;\u00e0 la r\u00e9vision des dossiers par nos partenaires internationaux. Notre pratique inclut \u00e9galement les demandes de r\u00e9sidences permanentes et de visas de visiteurs.<\/p>\n<p>Pour les clients ayant besoin de services de traduction, nous avons dans notre \u00e9quipe un traducteur agr\u00e9\u00e9 de l&rsquo;Ordre des traducteurs terminologues et interpr\u00e8tes agr\u00e9\u00e9s du Qu\u00e9bec (OTTIAQ), dont les traductions certifi\u00e9es sont valides partout au Canada.<\/p>\n<h3>Nous proposons d&rsquo;autres services compl\u00e9mentaires, tels que :<\/h3>\n<ul>\n<li>Conseiller, pr\u00e9parer et accompagner pour les ordonnances de renvoi;<\/li>\n<li>Pr\u00e9paration et accompagnement \u00e0 l&rsquo;entrevue de s\u00e9lection;<\/li>\n<li>Assistance et coordination lors de voyages exploratoires et missions de recrutement international;<\/li>\n<li>Parrainage de l&rsquo;int\u00e9rieur ou de l&rsquo;ext\u00e9rieur du Canada;<\/li>\n<li>Incorporation, planification fiscale et bien plus.<\/li>\n<\/ul>\n<p>Audet Immigration a acquis sa r\u00e9putation gr\u00e2ce \u00e0 un traitement personnalis\u00e9 attribu\u00e9 \u00e0 chacun de ses clients. Nous prenons en charge l&rsquo;int\u00e9gralit\u00e9 de chaque processus, en nous assurant d&rsquo;offrir toutes les avenues possibles pour une arriv\u00e9e au Canada. Travaillant \u00e0 l&rsquo;\u00e9chelle internationale, notre \u00e9quipe parle couramment le fran\u00e7ais, l&rsquo;anglais, l&rsquo;espagnol, le cantonais et le mandarin.<\/p>\n<h4>Appelez-nous ou envoyez-nous un courriel d\u00e8s aujourd&rsquo;hui pour plus d&rsquo;informations concernant vos futurs projets au Canada!<\/h4>\n<p>[\/lawyer_text][\/vc_column][\/vc_row]<\/p>\n","protected":false},"excerpt":{"rendered":"<p>[vc_row full_width= &raquo;stretch_row_content_no_spaces &raquo;][vc_column][lawyer_banner style= &raquo;style4&Prime; title= &raquo;\u00c0 Propos &raquo; image= &raquo;1204&Prime;][\/vc_column][\/vc_row][vc_row][vc_column][vc_empty_space][lawyer_text]Notre firme se sp\u00e9cialise dans les programmes des gens d\u2019affaires (investisseurs et entrepreneurs), les programmes de travailleurs qualifi\u00e9s et de travailleurs \/ \u00e9tudiants \u00e9trangers temporaires, notamment pour les demandes de permis de travail, d&rsquo;\u00e9tudes, le Programme d\u2019Exp\u00e9rience Qu\u00e9b\u00e9coise (PEQ), et l&rsquo;immigration familiale. Fond\u00e9e en<\/p>\n","protected":false},"author":1,"featured_media":0,"parent":0,"menu_order":3,"comment_status":"closed","ping_status":"closed","template":"","meta":[],"_links":{"self":[{"href":"https:\/\/www.audetimmigration.com\/fr\/wp-json\/wp\/v2\/pages\/1018"}],"collection":[{"href":"https:\/\/www.audetimmigration.com\/fr\/wp-json\/wp\/v2\/pages"}],"about":[{"href":"https:\/\/www.audetimmigration.com\/fr\/wp-json\/wp\/v2\/types\/page"}],"author":[{"embeddable":true,"href":"https:\/\/www.audetimmigration.com\/fr\/wp-json\/wp\/v2\/users\/1"}],"replies":[{"embeddable":true,"href":"https:\/\/www.audetimmigration.com\/fr\/wp-json\/wp\/v2\/comments?post=1018"}],"version-history":[{"count":10,"href":"https:\/\/www.audetimmigration.com\/fr\/wp-json\/wp\/v2\/pages\/1018\/revisions"}],"predecessor-version":[{"id":5522,"href":"https:\/\/www.audetimmigration.com\/fr\/wp-json\/wp\/v2\/pages\/1018\/revisions\/5522"}],"wp:attachment":[{"href":"https:\/\/www.audetimmigration.com\/fr\/wp-json\/wp\/v2\/media?parent=1018"}],"curies":[{"name":"wp","href":"https:\/\/api.w.org\/{rel}","templated":true}]}}