{"id":1009,"date":"2017-07-13T00:01:54","date_gmt":"2017-07-13T04:01:54","guid":{"rendered":"https:\/\/www.audetimmigration.com\/home\/"},"modified":"2023-02-27T16:41:49","modified_gmt":"2023-02-27T21:41:49","slug":"home","status":"publish","type":"page","link":"https:\/\/www.audetimmigration.com\/fr\/","title":{"rendered":"Accueil"},"content":{"rendered":"<p>[vc_row][vc_column][layerslider_vc id= &raquo;4&Prime;][\/vc_column][\/vc_row][vc_row full_width= &raquo;stretch_row &raquo; css= &raquo;.vc_custom_1499905829430{background-color: #fafafa !important;} &raquo;][vc_column css= &raquo;.vc_custom_1499905787149{padding-top: 0px !important;} &raquo;][lawyer_text]<span style=\"font-size: 14pt;\">Situ\u00e9 au coeur du Vieux-Montr\u00e9al, <strong>Audet Immigration<\/strong> offre un service personnalis\u00e9 et une expertise dans les programmes d&rsquo;immigration et de mobilit\u00e9 internationale vers le Canada &#8211; et plus sp\u00e9cifiquement pour les programmes qu\u00e9b\u00e9cois.<\/span>[\/lawyer_text][\/vc_column][\/vc_row][vc_row][vc_column][vc_btn title= &raquo;PRENDRE RENDEZ-VOUS &raquo; style= &raquo;custom &raquo; custom_background= &raquo;#082244&Prime; custom_text= &raquo;#ffffff &raquo; size= &raquo;lg &raquo; align= &raquo;center &raquo; i_icon_fontawesome= &raquo;fa fa-calendar &raquo; add_icon= &raquo;true &raquo; link= &raquo;url:https%3A%2F%2Fcalendly.com%2Faudetimmigration||target:%20_blank| &raquo;][lawyer_separator type= &raquo;separator&#8211;solid &raquo;][\/vc_column][\/vc_row][vc_row][vc_column][lawyer_title tag= &raquo;h2&Prime; align= &raquo;text-center &raquo; style= &raquo;contacts-section__title &raquo; title= &raquo;Pour nous joindre &raquo;]\n<div class=\"wpcf7 no-js\" id=\"wpcf7-f1059-o1\" lang=\"en-US\" dir=\"ltr\">\n<div class=\"screen-reader-response\"><p role=\"status\" aria-live=\"polite\" aria-atomic=\"true\"><\/p> <ul><\/ul><\/div>\n<form action=\"\/fr\/wp-json\/wp\/v2\/pages\/1009#wpcf7-f1059-o1\" method=\"post\" class=\"wpcf7-form init\" aria-label=\"Contact form\" novalidate=\"novalidate\" data-status=\"init\">\n<div style=\"display: none;\">\n<input type=\"hidden\" name=\"_wpcf7\" value=\"1059\" \/>\n<input type=\"hidden\" name=\"_wpcf7_version\" value=\"5.8.4\" \/>\n<input type=\"hidden\" name=\"_wpcf7_locale\" value=\"en_US\" \/>\n<input type=\"hidden\" name=\"_wpcf7_unit_tag\" value=\"wpcf7-f1059-o1\" \/>\n<input type=\"hidden\" name=\"_wpcf7_container_post\" value=\"0\" \/>\n<input type=\"hidden\" name=\"_wpcf7_posted_data_hash\" value=\"\" \/>\n<input type=\"hidden\" name=\"_wpcf7cf_hidden_group_fields\" value=\"[]\" \/>\n<input type=\"hidden\" name=\"_wpcf7cf_hidden_groups\" value=\"[]\" \/>\n<input type=\"hidden\" name=\"_wpcf7cf_visible_groups\" value=\"[]\" \/>\n<input type=\"hidden\" name=\"_wpcf7cf_repeaters\" value=\"[]\" \/>\n<input type=\"hidden\" name=\"_wpcf7cf_steps\" value=\"{}\" \/>\n<input type=\"hidden\" name=\"_wpcf7cf_options\" value=\"{&quot;form_id&quot;:1059,&quot;conditions&quot;:[],&quot;settings&quot;:{&quot;animation&quot;:&quot;yes&quot;,&quot;animation_intime&quot;:200,&quot;animation_outtime&quot;:200,&quot;conditions_ui&quot;:&quot;normal&quot;,&quot;notice_dismissed&quot;:false}}\" \/>\n<\/div>\n<div class=\"row\">\n\t<div class=\"columns small-12 medium-5\">\n\t\t<p><label for=\"your-name\"> Nom* <\/label><span class=\"wpcf7-form-control-wrap\" data-name=\"your-name\"><input size=\"40\" class=\"wpcf7-form-control wpcf7-text wpcf7-validates-as-required\" id=\"your-name\" aria-required=\"true\" aria-invalid=\"false\" value=\"\" type=\"text\" name=\"your-name\" \/><\/span><br \/>\n<label for=\"your-email\"> Adresse courriel * <\/label><span class=\"wpcf7-form-control-wrap\" data-name=\"your-email\"><input size=\"40\" class=\"wpcf7-form-control wpcf7-email wpcf7-validates-as-required wpcf7-text wpcf7-validates-as-email\" id=\"your-email\" aria-required=\"true\" aria-invalid=\"false\" value=\"\" type=\"email\" name=\"your-email\" \/><\/span><br \/>\n<label for=\"your-subject\"> Sujet <\/label><span class=\"wpcf7-form-control-wrap\" data-name=\"your-subject\"><input size=\"40\" class=\"wpcf7-form-control wpcf7-text\" id=\"your-subject\" aria-invalid=\"false\" value=\"\" type=\"text\" name=\"your-subject\" \/><\/span><br \/>\n<label for=\"your-phone\"> T\u00e9l\u00e9phone <\/label><span class=\"wpcf7-form-control-wrap\" data-name=\"your-phone\"><input size=\"40\" class=\"wpcf7-form-control wpcf7-text\" id=\"your-phone\" aria-invalid=\"false\" value=\"\" type=\"text\" name=\"your-phone\" \/><\/span>\n\t\t<\/p>\n\t<\/div>\n\t<div class=\"columns small-12 medium-7\">\n\t\t<p><label for=\"your-message\"> Message * <\/label><span class=\"wpcf7-form-control-wrap\" data-name=\"your-message\"><textarea cols=\"40\" rows=\"10\" class=\"wpcf7-form-control wpcf7-textarea wpcf7-validates-as-required\" id=\"your-message\" aria-required=\"true\" aria-invalid=\"false\" name=\"your-message\"><\/textarea><\/span>\n\t\t<\/p>\n\t<\/div>\n<\/div>\n<p><input class=\"wpcf7-form-control wpcf7-submit has-spinner btn\" type=\"submit\" value=\"Envoyer\" \/>\n<\/p><div class=\"wpcf7-response-output\" aria-hidden=\"true\"><\/div>\n<\/form>\n<\/div>\n[\/vc_column][\/vc_row]<\/p>\n","protected":false},"excerpt":{"rendered":"<p>[vc_row][vc_column][layerslider_vc id= &raquo;4&Prime;][\/vc_column][\/vc_row][vc_row full_width= &raquo;stretch_row &raquo; css= &raquo;.vc_custom_1499905829430{background-color: #fafafa !important;} &raquo;][vc_column css= &raquo;.vc_custom_1499905787149{padding-top: 0px !important;} &raquo;][lawyer_text]Situ\u00e9 au coeur du Vieux-Montr\u00e9al, Audet Immigration offre un service personnalis\u00e9 et une expertise dans les programmes d&rsquo;immigration et de mobilit\u00e9 internationale vers le Canada &#8211; et plus sp\u00e9cifiquement pour les programmes qu\u00e9b\u00e9cois.[\/lawyer_text][\/vc_column][\/vc_row][vc_row][vc_column][vc_btn title= &raquo;PRENDRE RENDEZ-VOUS &raquo; style= &raquo;custom &raquo;<\/p>\n","protected":false},"author":1,"featured_media":0,"parent":0,"menu_order":1,"comment_status":"closed","ping_status":"closed","template":"","meta":[],"_links":{"self":[{"href":"https:\/\/www.audetimmigration.com\/fr\/wp-json\/wp\/v2\/pages\/1009"}],"collection":[{"href":"https:\/\/www.audetimmigration.com\/fr\/wp-json\/wp\/v2\/pages"}],"about":[{"href":"https:\/\/www.audetimmigration.com\/fr\/wp-json\/wp\/v2\/types\/page"}],"author":[{"embeddable":true,"href":"https:\/\/www.audetimmigration.com\/fr\/wp-json\/wp\/v2\/users\/1"}],"replies":[{"embeddable":true,"href":"https:\/\/www.audetimmigration.com\/fr\/wp-json\/wp\/v2\/comments?post=1009"}],"version-history":[{"count":14,"href":"https:\/\/www.audetimmigration.com\/fr\/wp-json\/wp\/v2\/pages\/1009\/revisions"}],"predecessor-version":[{"id":5459,"href":"https:\/\/www.audetimmigration.com\/fr\/wp-json\/wp\/v2\/pages\/1009\/revisions\/5459"}],"wp:attachment":[{"href":"https:\/\/www.audetimmigration.com\/fr\/wp-json\/wp\/v2\/media?parent=1009"}],"curies":[{"name":"wp","href":"https:\/\/api.w.org\/{rel}","templated":true}]}}